{"id":3,"date":"2021-01-12T22:22:03","date_gmt":"2021-01-12T22:22:03","guid":{"rendered":"https:\/\/shop.vinarijadeuric.com\/?page_id=3"},"modified":"2024-07-10T17:21:17","modified_gmt":"2024-07-10T15:21:17","slug":"politika-privatnosti","status":"publish","type":"page","link":"https:\/\/shop.vinarijadeuric.com\/en\/politika-privatnosti\/","title":{"rendered":"Uslovi koriscenja i Politika privatnosti"},"content":{"rendered":"<div data-elementor-type=\"wp-page\" data-elementor-id=\"3\" class=\"elementor elementor-3\" data-elementor-post-type=\"page\">\n\t\t\t\t\t\t<section class=\"elementor-section elementor-top-section elementor-element elementor-element-2d4f743 elementor-section-height-min-height elementor-section-boxed elementor-section-height-default elementor-section-items-middle\" data-id=\"2d4f743\" data-element_type=\"section\" data-e-type=\"section\" data-settings=\"{&quot;background_background&quot;:&quot;classic&quot;}\">\n\t\t\t\t\t\t\t<div class=\"elementor-background-overlay\"><\/div>\n\t\t\t\t\t\t\t<div class=\"elementor-container elementor-column-gap-default\">\n\t\t\t\t\t<div class=\"elementor-column elementor-col-100 elementor-top-column elementor-element elementor-element-3ff2bf0\" data-id=\"3ff2bf0\" data-element_type=\"column\" data-e-type=\"column\">\n\t\t\t<div class=\"elementor-widget-wrap elementor-element-populated\">\n\t\t\t\t\t\t<div class=\"elementor-element elementor-element-11431e0 elementor-widget elementor-widget-heading\" data-id=\"11431e0\" data-element_type=\"widget\" data-e-type=\"widget\" data-widget_type=\"heading.default\">\n\t\t\t\t<div class=\"elementor-widget-container\">\n\t\t\t\t\t<h2 class=\"elementor-heading-title elementor-size-default\">Uslovi kori\u0161\u0107enja i Politika privatnosti<\/h2>\t\t\t\t<\/div>\n\t\t\t\t<\/div>\n\t\t\t\t\t<\/div>\n\t\t<\/div>\n\t\t\t\t\t<\/div>\n\t\t<\/section>\n\t\t\t\t<section class=\"elementor-section elementor-top-section elementor-element elementor-element-59543b80 elementor-section-boxed elementor-section-height-default elementor-section-height-default\" data-id=\"59543b80\" data-element_type=\"section\" data-e-type=\"section\">\n\t\t\t\t\t\t<div class=\"elementor-container elementor-column-gap-default\">\n\t\t\t\t\t<div class=\"elementor-column elementor-col-100 elementor-top-column elementor-element elementor-element-6ed2cc6b\" data-id=\"6ed2cc6b\" data-element_type=\"column\" data-e-type=\"column\">\n\t\t\t<div class=\"elementor-widget-wrap elementor-element-populated\">\n\t\t\t\t\t\t<div class=\"elementor-element elementor-element-4673317c elementor-widget__width-initial elementor-widget elementor-widget-text-editor\" data-id=\"4673317c\" data-element_type=\"widget\" data-e-type=\"widget\" data-widget_type=\"text-editor.default\">\n\t\t\t\t<div class=\"elementor-widget-container\">\n\t\t\t\t\t\t\t\t\t<p><\/p>\n<h3 class=\"wp-block-heading\">Who are we<\/h3>\n<p>Our website address is: <a href=\"https:\/\/shop.vinarijadeuric.com\/en\/\">https:\/\/shop.vinarijadeuric.com.<\/a><\/p>\n<p>A mi smo<\/p>\n<table style=\"border-collapse: collapse; width: 813.328px; color: #161919; font-family: Avenir-LT-Pro-35-Light, Helvetica, Arial, sans-serif; font-size: 14px; font-style: normal; font-weight: 300; background-color: #faf8f6; border-radius: 0px !important;\">\n<tbody>\n<tr style=\"border-bottom: 1px solid #dddddd; height: 35px !important; cursor: default !important;\">\n<td style=\"border-radius: 0px !important;\" width=\"26%\"><img decoding=\"async\" style=\"outline: none;\" src=\"https:\/\/search.bisnode.rs\/content\/images\/flags\/rs.png\" alt=\"Srbija\" \/><\/td>\n<td style=\"border-radius: 0px !important;\" colspan=\"2\">ATOS FRUCTUM DOO MALA REMETA<br \/>EKONOMIJA &#8211; SALA\u0160<\/td>\n<\/tr>\n<tr style=\"border-bottom: 1px solid #dddddd; height: 35px !important; cursor: default !important;\">\n<td style=\"border-radius: 0px !important; font-weight: bold !important;\">Puni naziv:<\/td>\n<td style=\"border-radius: 0px !important;\" colspan=\"2\">ATOS FRUCTUM DOO MALA REMETA<\/td>\n<\/tr>\n<tr style=\"border-bottom: 1px solid #dddddd; height: 35px !important; cursor: default !important;\">\n<td style=\"border-radius: 0px !important; font-weight: bold !important;\">Skra\u0107eni naziv:<\/td>\n<td style=\"border-radius: 0px !important;\" colspan=\"2\">ATOS FRUCTUM DOO MALA REMETA<\/td>\n<\/tr>\n<tr style=\"border-bottom: 1px solid #dddddd; height: 35px !important; cursor: default !important;\">\n<td style=\"border-radius: 0px !important; font-weight: bold !important;\">Adresa:<\/td>\n<td style=\"border-radius: 0px !important;\" colspan=\"2\">EKONOMIJA &#8211; SALA\u0160<\/td>\n<\/tr>\n<tr style=\"border-bottom: 1px solid #dddddd; height: 35px !important; cursor: default !important;\">\n<td style=\"border-radius: 0px !important; font-weight: bold !important;\">Po\u0161ta i mesto:<\/td>\n<td style=\"border-radius: 0px !important;\" colspan=\"2\">22409 Jazak<\/td>\n<\/tr>\n<tr style=\"border-bottom: 1px solid #dddddd; height: 35px !important; cursor: default !important;\">\n<td style=\"border-radius: 0px !important; font-weight: bold !important;\">Region:<\/td>\n<td style=\"border-radius: 0px !important;\" colspan=\"2\">Sremski<\/td>\n<\/tr>\n<tr style=\"border-bottom: 1px solid #dddddd; height: 35px !important; cursor: default !important;\">\n<td style=\"border-radius: 0px !important; font-weight: bold !important;\">Mati\u010dni broj:<\/td>\n<td style=\"border-radius: 0px !important;\" colspan=\"2\">20176288<\/td>\n<\/tr>\n<tr style=\"border-bottom: 1px solid #dddddd; height: 35px !important; cursor: default !important;\">\n<td style=\"border-radius: 0px !important; font-weight: bold !important;\">Poreski br.:<\/td>\n<td style=\"border-radius: 0px !important;\" colspan=\"2\">104505803<\/td>\n<\/tr>\n<tr style=\"border-bottom: 1px solid #dddddd; height: 35px !important; cursor: default !important;\">\n<td style=\"border-radius: 0px !important; font-weight: bold !important;\">Teku\u0107i ra\u010dun:<\/td>\n<td style=\"border-radius: 0px !important;\" colspan=\"2\">\n<div style=\"width: 599.875px; border-radius: 0px !important; float: left !important; margin-top: 5px !important; margin-bottom: 5px !important;\"><img decoding=\"async\" style=\"outline: none; float: left !important; margin: -4px 5px 0px 0px !important;\" src=\"https:\/\/search.bisnode.rs\/content\/images\/flags\/24\/flag_RS.png\" alt=\"Srbija\" \/>155-0000000017593-96<br \/>Halkbank A.D.- Beograd<\/div>\n<div style=\"width: 599.875px; border-radius: 0px !important; float: left !important; margin-top: 5px !important; margin-bottom: 5px !important;\"><img decoding=\"async\" style=\"outline: none; float: left !important; margin: -4px 5px 0px 0px !important;\" src=\"https:\/\/search.bisnode.rs\/content\/images\/flags\/24\/flag_RS.png\" alt=\"Srbija\" \/>150-0070100155409-82<br \/>Direktna Banka a.d. Kragujevac<\/div>\n<div style=\"width: 599.875px; border-radius: 0px !important; float: left !important; margin-top: 5px !important; margin-bottom: 5px !important;\"><img decoding=\"async\" style=\"outline: none; float: left !important; margin: -4px 5px 0px 0px !important;\" src=\"https:\/\/search.bisnode.rs\/content\/images\/flags\/24\/flag_RS.png\" alt=\"Srbija\" \/>150-0000025021270-69<br \/>Direktna Banka a.d. Kragujevac<\/div>\n<div style=\"width: 599.875px; border-radius: 0px !important; float: left !important; margin-top: 5px !important; margin-bottom: 5px !important;\"><img decoding=\"async\" style=\"outline: none; float: left !important; margin: -4px 5px 0px 0px !important;\" src=\"https:\/\/search.bisnode.rs\/content\/images\/flags\/24\/flag_RS.png\" alt=\"Srbija\" \/>105-0000002739326-85<br \/>Agroindustrijska komercijalna banka AIK banka A.D.- Beograd<\/div>\n<div style=\"width: 599.875px; border-radius: 0px !important; float: left !important; margin-top: 5px !important; margin-bottom: 5px !important;\"><img decoding=\"async\" style=\"outline: none; float: left !important; margin: -4px 5px 0px 0px !important;\" src=\"https:\/\/search.bisnode.rs\/content\/images\/flags\/24\/flag_RS.png\" alt=\"Srbija\" \/>105-0000002539002-45<br \/>Agroindustrijska komercijalna banka AIK banka A.D.- Beograd<\/div>\n<\/td>\n<\/tr>\n<tr style=\"border-bottom: 1px solid #dddddd; height: 35px !important; cursor: default !important;\">\n<td style=\"border-radius: 0px !important; font-weight: bold !important;\">Pravni oblik:<\/td>\n<td style=\"border-radius: 0px !important;\" colspan=\"2\">Dru\u0161tvo sa ograni\u010denom odgovorno\u0161\u0107u<\/td>\n<\/tr>\n<tr style=\"border-bottom: 1px solid #dddddd; height: 35px !important; cursor: default !important;\">\n<td style=\"border-radius: 0px !important; font-weight: bold !important;\">Datum osnivanja:<\/td>\n<td style=\"border-radius: 0px !important;\" colspan=\"2\">27.6.2006.<\/td>\n<\/tr>\n<tr style=\"border-bottom: 1px solid #dddddd; height: 35px !important; cursor: default !important;\">\n<td style=\"border-radius: 0px !important; font-weight: bold !important;\">Zastupnici:<\/td>\n<td style=\"border-radius: 0px !important;\" colspan=\"2\"><img decoding=\"async\" style=\"outline: none;\" src=\"https:\/\/search.bisnode.rs\/rs\/96161\/atos-fructum-doo-mala-remeta\/representatives\/\" \/><\/td>\n<\/tr>\n<tr style=\"border-bottom: 1px solid #dddddd; height: 35px !important; cursor: default !important;\">\n<td style=\"border-radius: 0px !important; font-weight: bold !important;\">Delatnost:<\/td>\n<td style=\"border-radius: 0px !important;\" colspan=\"2\">Gajenje jabu\u010dastog i ko\u0161ti\u010davog vo\u0107a<\/td>\n<\/tr>\n<\/tbody>\n<\/table>\n<h3 style=\"font-size: 1.73333rem; font-style: normal;\">Izjava o konverziji<\/h3>\n<div>\u00a0<\/div>\n<p><span style=\"font-size: 16px; color: var( --e-global-color-text );\">Sva pla\u0107anja bi\u0107e izvr\u0161ena u lokalnoj valuti Republike Srbije \u2013 dinar (RSD).Za<\/span><\/p>\n<p>informativni prikaz cena u drugim valutama koristi se srednji kurs Narodne Banke Srbije.<\/p>\n<p>Iznos za koji \u0107e biti zadu\u017eena Va\u0161a platna kartica bi\u0107e izra\u017een u Va\u0161oj lokalnoj valuti<\/p>\n<p>kroz konverziju u istu po kursu koji koriste karti\u010darske organizacije, a koji nama u<\/p>\n<p>trenutku transakcije ne mo\u017ee biti poznat. Kao rezultat ove konverzije postoji mogu\u0107nost<\/p>\n<p>neznatne razlike od originalne cene navedene na na\u0161em sajtu.&#8217;<\/p>\n<h3 style=\"font-size: 1.73333rem; font-style: normal;\">Kontakt podaci<\/h3>\n<div>\n<p>Kontakt Ekonomija \u201eSala\u0161\u201c 22409 Mala Remeta\u00a0<br \/>+381 63 570 108 office@vinarijadeuric.com\u00a0<br \/>Komercijala Belgrade: +381 69 880 06 75<br \/>Komercijala Novi Sad: +381 63 575 162<\/p>\n<\/div>\n<h3>Dostava robe i eventualna ograni\u010denja<\/h3>\n<div>\u00a0<\/div>\n<p>Dostava se vr\u0161i po internom pravilniku Vinarije Deuri\u0107 u zavisnosti od dostupnosti kurirskih slu\u017ebi ili sopstvenih vozila. O detaljima dostave, kupac \u0107e biti naknadno obave\u0161ten. Cena dostave je fiksne tj 350 rsd. Ukoliko kupac kupi vrednost robe preko 4000rsd, dostava je besplatna.<\/p>\n<h3>Politika reklamacija<\/h3>\n<div>\u00a0<\/div>\n<p>Reklamacije se prijavljuju na mejl office@vinarijadeuric.com. Praksa prodavca je re\u0161avanje svih opravdanih reklamacija u dobrom duhu i dobroj poslovnoj praksi.<\/p>\n<h3>Privacy Policy<\/h3>\n<p>\u201eU ime Atos Fructuma tj Vinarije Deuri\u0107 obavezujemo se da \u0107emo \u010duvati privatnost svih<\/p>\n<p>na\u0161ih kupaca. Prikupljamo samo neophodne, osnovne podatke o kupcima\/ korisnicima i<\/p>\n<p>podatke neophodne za poslovanje i informisanje korisnika u skladu sa dobrim poslovnim<\/p>\n<p>obi\u010dajima i u cilju pru\u017eanja kvalitetne usluge. Dajemo kupcima mogu\u0107nost izbora uklju\u010duju\u0107i<\/p>\n<p>mogu\u0107nost odluke da li \u017eele ili ne da se izbri\u0161u sa mailing lista koje se koriste za marketin\u0161ke<\/p>\n<p>kampanje. Svi podaci o korisnicima\/kupcima se strogo \u010duvaju i dostupni su samo zaposlenima<\/p>\n<p>kojima su ti podaci nu\u017eni za obavljanje posla. Svi zaposleni Vinarije Deuri\u0107 (i poslovni<\/p>\n<p>partneri) odgovorni su za po\u0161tovanje na\u010dela za\u0161tite privatnosti.\u201c<\/p>\n<h3>Za\u0161tita poverljivih podataka o transakciji<\/h3>\n<div>\u00a0<\/div>\n<p><span style=\"font-size: 16px; color: var( --e-global-color-text ); font-family: var( --e-global-typography-text-font-family ), Sans-serif;\">\u201ePrilikom uno\u0161enja podataka o platnoj kartici, poverljive informacija se prenose putem javne<\/span><\/p>\n<p>mre\u017ee u za\u0161ti\u0107enoj (kriptovanoj) formi upotrebom SSL protokola i PKI sistema, kao trenutno<\/p>\n<p>najsavremenije kriptografske tehnologije.<\/p>\n<p>Sigurnost podataka prilikom kupovine, garantuje procesor platnih kartica, Banca Intesa ad<\/p>\n<p>Beograd, pa se tako kompletni proces naplate obavlja na stranicama banke. Niti jednog<\/p>\n<p>trenutka podaci o platnoj kartici nisu dostupni na\u0161em sistemu.\u201c<\/p>\n<p>\u00a0<\/p>\n<h3>Povra\u0107aj sredstava<\/h3>\n<p><span style=\"font-size: 16px; color: var( --e-global-color-text ); font-family: var( --e-global-typography-text-font-family ), Sans-serif;\">\u00a0<\/span><\/p>\n<p><span style=\"font-size: 16px; color: var( --e-global-color-text ); font-family: var( --e-global-typography-text-font-family ), Sans-serif;\">U slu\u010daju da dodje do vra\u0107anja robe i povra\u0107aja sredstava<\/span><\/p>\n<p>kupcu koji je prethodno platio nekom od platnih kartica, delimi\u010dno ili u celosti, a bez obzira na<\/p>\n<p>razlog vra\u0107anja, shop.vinarijadeuric.com je u obavezi da povra\u0107aj vr\u0161i isklju\u010divo<\/p>\n<p>preko VISA, EC\/MC, Maestro, Amex i Dina metoda pla\u0107anja, \u0161to zna\u010di da \u0107e banka na zahtev<\/p>\n<p>prodavca obaviti povra\u0107aj sredstava na ra\u010dun korisnika kartice\u201c.<\/p>\n<p>\u00a0<\/p>\n<h3>Izjava o PDV-u<\/h3>\n<p><span style=\"font-size: 16px; color: var( --e-global-color-text ); font-family: var( --e-global-typography-text-font-family ), Sans-serif;\">PDV ura\u010dunat u cenu i nema skrivenih tro\u0161kova<\/span><\/p>\n<div>\n<h3 style=\"font-size: 1.73333rem; font-style: normal;\">Comments<\/h3>\n<\/div>\n<p>When visitors leave comments on the website, we collect the data displayed in the comment form, as well as the IP address and browser user agent string to help detect spam.<\/p>\n<p>An anonymized string created from your email address (also called a hash) can be provided to Gravatar to see if you&#039;re using it. The privacy policy of the Gravatar service is available here: https:\/\/automattic.com\/privaci\/. After your comment is approved, your profile picture is visible to the public in the context of your comment.<\/p>\n<h3>The media<\/h3>\n<p>If you are uploading images to a website, avoid uploading images with embedded location data (EXIF GPS). Website visitors can download and extract any location data from images on the website.<\/p>\n<h3>Contact forms<\/h3>\n<h4>Cookies<\/h4>\n<p>If you leave a comment on our website, you can choose to save your name, email address and website in cookies. This is for your convenience so you don&#039;t have to re-enter your information when you leave a new comment. These cookies will last for a year.<\/p>\n<p>If you visit our login page, we will set a temporary cookie to determine if your browser accepts cookies. This cookie does not contain personal data and is discarded when you close your browser.<\/p>\n<p>When you sign in, we&#039;ll also set a few cookies to save your login information and screen choices. Login cookies last two days and display options cookies last one year. If you choose &quot;Remember me&quot;, the application will take two weeks. If you log out of your account, the login cookies will be removed.<\/p>\n<p>If you edit or publish an article, an additional cookie will be stored in your browser. This cookie contains no personal information and simply indicates the post ID of the article you just edited. Expires after 1 day.<\/p>\n<h4>Embedded content from other websites<\/h4>\n<p>Articles on this website may contain embedded content (eg videos, images, articles, etc.). Embedded content from other websites behaves exactly the same as if the visitor had visited another website.<\/p>\n<p>These websites may collect information about you, use cookies, embed additional third-party tracking, and monitor your interaction with that embedded content, including tracking your interaction with the embedded content if you have an account and are logged in to that website.<\/p>\n<h3>Analytics<\/h3>\n<h4>Who we share your data with<\/h4>\n<p>If you request a password reset, your IP address will be listed in the reset email.<\/p>\n<h4>How long we keep your data<\/h4>\n<p>If you leave a comment, the comment and its metadata are retained indefinitely. This is so that we can automatically recognize and approve any further comments, rather than holding them in a moderation queue.<\/p>\n<p>For users who register on our website (if any), we also store the personal information they provide in their user profile. All users can view, modify or delete their personal information at any time (except they cannot change their username). Website administrators can also view and edit this information.<\/p>\n<h4>What rights do you have to your data<\/h4>\n<p>If you have an account on this website or have left comments, you can request to receive an exported file of the personal data we hold about you, including any data you have provided to us. You can also request that we delete any personal data we hold about you. This does not include data that we are required to keep for administrative, legal or security purposes.<\/p>\n<h4>Where we send your data<\/h4>\n<p>Visitor comments can be checked through an automated spam detection service.<\/p>\n<p><strong>Your contact information<\/strong><br \/><strong>Additional information<\/strong><br \/><strong>How we protect your data<\/strong><br \/><strong>What data breach procedures do we have in place<\/strong><br \/><strong>From which third parties we receive data<\/strong><br \/><strong>What automated decision-making and\/or profiling we do with user data<\/strong><br \/><strong>Requirements for the publication of regulations in the industry<\/strong><\/p>\n<p><\/p>\t\t\t\t\t\t\t\t<\/div>\n\t\t\t\t<\/div>\n\t\t\t\t\t<\/div>\n\t\t<\/div>\n\t\t\t\t\t<\/div>\n\t\t<\/section>\n\t\t\t\t<\/div>","protected":false},"excerpt":{"rendered":"<p>Uslovi kori\u0161\u0107enja i Politika privatnosti Ko smo mi Adresa na\u0161e veb stranice je: https:\/\/shop.vinarijadeuric.com. A mi smo ATOS FRUCTUM DOO MALA REMETAEKONOMIJA &#8211; SALA\u0160 Puni naziv: ATOS FRUCTUM DOO MALA REMETA Skra\u0107eni naziv: ATOS FRUCTUM DOO MALA REMETA Adresa: EKONOMIJA &#8211; SALA\u0160 Po\u0161ta i mesto: 22409 Jazak Region: Sremski Mati\u010dni broj: 20176288 Poreski br.: 104505803 [&hellip;]<\/p>\n","protected":false},"author":3,"featured_media":0,"parent":0,"menu_order":0,"comment_status":"closed","ping_status":"closed","template":"elementor_header_footer","meta":{"_acf_changed":false,"content-type":"","site-sidebar-layout":"default","site-content-layout":"page-builder","ast-site-content-layout":"default","site-content-style":"default","site-sidebar-style":"default","ast-global-header-display":"","ast-banner-title-visibility":"","ast-main-header-display":"","ast-hfb-above-header-display":"","ast-hfb-below-header-display":"","ast-hfb-mobile-header-display":"","site-post-title":"disabled","ast-breadcrumbs-content":"disabled","ast-featured-img":"","footer-sml-layout":"","ast-disable-related-posts":"","theme-transparent-header-meta":"default","adv-header-id-meta":"","stick-header-meta":"","header-above-stick-meta":"","header-main-stick-meta":"","header-below-stick-meta":"","astra-migrate-meta-layouts":"default","ast-page-background-enabled":"default","ast-page-background-meta":{"desktop":{"background-color":"","background-image":"","background-repeat":"repeat","background-position":"center center","background-size":"auto","background-attachment":"scroll","background-type":"","background-media":"","overlay-type":"","overlay-color":"","overlay-opacity":"","overlay-gradient":""},"tablet":{"background-color":"","background-image":"","background-repeat":"repeat","background-position":"center center","background-size":"auto","background-attachment":"scroll","background-type":"","background-media":"","overlay-type":"","overlay-color":"","overlay-opacity":"","overlay-gradient":""},"mobile":{"background-color":"","background-image":"","background-repeat":"repeat","background-position":"center center","background-size":"auto","background-attachment":"scroll","background-type":"","background-media":"","overlay-type":"","overlay-color":"","overlay-opacity":"","overlay-gradient":""}},"ast-content-background-meta":{"desktop":{"background-color":"var(--ast-global-color-5)","background-image":"","background-repeat":"repeat","background-position":"center center","background-size":"auto","background-attachment":"scroll","background-type":"","background-media":"","overlay-type":"","overlay-color":"","overlay-opacity":"","overlay-gradient":""},"tablet":{"background-color":"var(--ast-global-color-5)","background-image":"","background-repeat":"repeat","background-position":"center center","background-size":"auto","background-attachment":"scroll","background-type":"","background-media":"","overlay-type":"","overlay-color":"","overlay-opacity":"","overlay-gradient":""},"mobile":{"background-color":"var(--ast-global-color-5)","background-image":"","background-repeat":"repeat","background-position":"center center","background-size":"auto","background-attachment":"scroll","background-type":"","background-media":"","overlay-type":"","overlay-color":"","overlay-opacity":"","overlay-gradient":""}},"footnotes":""},"class_list":["post-3","page","type-page","status-publish","hentry"],"acf":[],"_links":{"self":[{"href":"https:\/\/shop.vinarijadeuric.com\/en\/wp-json\/wp\/v2\/pages\/3","targetHints":{"allow":["GET"]}}],"collection":[{"href":"https:\/\/shop.vinarijadeuric.com\/en\/wp-json\/wp\/v2\/pages"}],"about":[{"href":"https:\/\/shop.vinarijadeuric.com\/en\/wp-json\/wp\/v2\/types\/page"}],"author":[{"embeddable":true,"href":"https:\/\/shop.vinarijadeuric.com\/en\/wp-json\/wp\/v2\/users\/3"}],"replies":[{"embeddable":true,"href":"https:\/\/shop.vinarijadeuric.com\/en\/wp-json\/wp\/v2\/comments?post=3"}],"version-history":[{"count":29,"href":"https:\/\/shop.vinarijadeuric.com\/en\/wp-json\/wp\/v2\/pages\/3\/revisions"}],"predecessor-version":[{"id":3471,"href":"https:\/\/shop.vinarijadeuric.com\/en\/wp-json\/wp\/v2\/pages\/3\/revisions\/3471"}],"wp:attachment":[{"href":"https:\/\/shop.vinarijadeuric.com\/en\/wp-json\/wp\/v2\/media?parent=3"}],"curies":[{"name":"wp","href":"https:\/\/api.w.org\/{rel}","templated":true}]}}