{"id":3745,"date":"2025-11-14T15:40:33","date_gmt":"2025-11-14T14:40:33","guid":{"rendered":"https:\/\/shop.vinarijadeuric.com\/?post_type=product&#038;p=3745"},"modified":"2025-11-17T12:23:22","modified_gmt":"2025-11-17T11:23:22","slug":"the-morava-morava","status":"publish","type":"product","link":"https:\/\/shop.vinarijadeuric.com\/en\/proizvod\/the-morava-morava\/","title":{"rendered":"THE MORAVA (Morava)"},"content":{"rendered":"<p>Penu\u0161avo vino od doma\u0107e, lokalne, autohtone sorte \u2013 MORAVA. Ra\u0111eno tradicionalnom metodom. Svetlo \u017eute boje sa zelenim tonovima. Miris kombinuje herbalne note, tropsko vo\u0107e i sve\u017eu breskvu, pro\u017eetu citrusnom sve\u017einom i blagom mineralno\u0161\u0107u. Ukus je osve\u017eavaju\u0107i, sa prijatnom kiselinom i vo\u0107nim zavr\u0161etkom.<\/p>","protected":false},"excerpt":{"rendered":"<p>Penu\u0161avo vino od doma\u0107e, lokalne, autohtone sorte \u2013 MORAVA. Ra\u0111eno tradicionalnom metodom. Svetlo \u017eute boje sa zelenim tonovima. Miris kombinuje herbalne note, tropsko vo\u0107e i sve\u017eu breskvu, pro\u017eetu citrusnom sve\u017einom i blagom mineralno\u0161\u0107u. Ukus je osve\u017eavaju\u0107i, sa prijatnom kiselinom i vo\u0107nim zavr\u0161etkom.<\/p>","protected":false},"featured_media":3746,"comment_status":"open","ping_status":"closed","template":"","meta":{"_acf_changed":false,"content-type":"","site-sidebar-layout":"default","site-content-layout":"","ast-site-content-layout":"default","site-content-style":"default","site-sidebar-style":"default","ast-global-header-display":"","ast-banner-title-visibility":"","ast-main-header-display":"","ast-hfb-above-header-display":"","ast-hfb-below-header-display":"","ast-hfb-mobile-header-display":"","site-post-title":"","ast-breadcrumbs-content":"","ast-featured-img":"","footer-sml-layout":"","ast-disable-related-posts":"","theme-transparent-header-meta":"default","adv-header-id-meta":"","stick-header-meta":"","header-above-stick-meta":"","header-main-stick-meta":"","header-below-stick-meta":"","astra-migrate-meta-layouts":"set","ast-page-background-enabled":"default","ast-page-background-meta":{"desktop":{"background-color":"","background-image":"","background-repeat":"repeat","background-position":"center center","background-size":"auto","background-attachment":"scroll","background-type":"","background-media":"","overlay-type":"","overlay-color":"","overlay-opacity":"","overlay-gradient":""},"tablet":{"background-color":"","background-image":"","background-repeat":"repeat","background-position":"center center","background-size":"auto","background-attachment":"scroll","background-type":"","background-media":"","overlay-type":"","overlay-color":"","overlay-opacity":"","overlay-gradient":""},"mobile":{"background-color":"","background-image":"","background-repeat":"repeat","background-position":"center center","background-size":"auto","background-attachment":"scroll","background-type":"","background-media":"","overlay-type":"","overlay-color":"","overlay-opacity":"","overlay-gradient":""}},"ast-content-background-meta":{"desktop":{"background-color":"var(--ast-global-color-5)","background-image":"","background-repeat":"repeat","background-position":"center center","background-size":"auto","background-attachment":"scroll","background-type":"","background-media":"","overlay-type":"","overlay-color":"","overlay-opacity":"","overlay-gradient":""},"tablet":{"background-color":"var(--ast-global-color-5)","background-image":"","background-repeat":"repeat","background-position":"center center","background-size":"auto","background-attachment":"scroll","background-type":"","background-media":"","overlay-type":"","overlay-color":"","overlay-opacity":"","overlay-gradient":""},"mobile":{"background-color":"var(--ast-global-color-5)","background-image":"","background-repeat":"repeat","background-position":"center center","background-size":"auto","background-attachment":"scroll","background-type":"","background-media":"","overlay-type":"","overlay-color":"","overlay-opacity":"","overlay-gradient":""}}},"product_brand":[],"product_cat":[71],"product_tag":[],"class_list":{"0":"post-3745","1":"product","2":"type-product","3":"status-publish","4":"has-post-thumbnail","6":"product_cat-the-sparkling-winery","7":"desktop-align-left","8":"tablet-align-left","9":"mobile-align-left","11":"first","12":"instock","13":"taxable","14":"shipping-taxable","15":"purchasable","16":"product-type-simple"},"acf":[],"_links":{"self":[{"href":"https:\/\/shop.vinarijadeuric.com\/en\/wp-json\/wp\/v2\/product\/3745","targetHints":{"allow":["GET"]}}],"collection":[{"href":"https:\/\/shop.vinarijadeuric.com\/en\/wp-json\/wp\/v2\/product"}],"about":[{"href":"https:\/\/shop.vinarijadeuric.com\/en\/wp-json\/wp\/v2\/types\/product"}],"replies":[{"embeddable":true,"href":"https:\/\/shop.vinarijadeuric.com\/en\/wp-json\/wp\/v2\/comments?post=3745"}],"wp:featuredmedia":[{"embeddable":true,"href":"https:\/\/shop.vinarijadeuric.com\/en\/wp-json\/wp\/v2\/media\/3746"}],"wp:attachment":[{"href":"https:\/\/shop.vinarijadeuric.com\/en\/wp-json\/wp\/v2\/media?parent=3745"}],"wp:term":[{"taxonomy":"product_brand","embeddable":true,"href":"https:\/\/shop.vinarijadeuric.com\/en\/wp-json\/wp\/v2\/product_brand?post=3745"},{"taxonomy":"product_cat","embeddable":true,"href":"https:\/\/shop.vinarijadeuric.com\/en\/wp-json\/wp\/v2\/product_cat?post=3745"},{"taxonomy":"product_tag","embeddable":true,"href":"https:\/\/shop.vinarijadeuric.com\/en\/wp-json\/wp\/v2\/product_tag?post=3745"}],"curies":[{"name":"wp","href":"https:\/\/api.w.org\/{rel}","templated":true}]}}