{"id":3842,"date":"2026-03-13T09:43:51","date_gmt":"2026-03-13T08:43:51","guid":{"rendered":"https:\/\/shop.vinarijadeuric.com\/?post_type=product&#038;p=3842"},"modified":"2026-03-13T09:45:26","modified_gmt":"2026-03-13T08:45:26","slug":"la-rem-morava-2023-13-vol","status":"publish","type":"product","link":"https:\/\/shop.vinarijadeuric.com\/en\/proizvod\/la-rem-morava-2023-13-vol\/","title":{"rendered":"La Rem Morava 2023 &#8211; 13 % vol"},"content":{"rendered":"<div id=\"m_3197693946751648238m_8452542513465698553x_Signature\">Vino La Rem Morava, oblikovana kroz devet meseci odle\u017eavanja u amfori, predstavlja inovativan pristup tradicionalnoj proizvodnji. Mirisom dominiraju arome rasko\u0161ne breskve i citrusa, odle\u017eavanje 9 meseci u anfori dalo joj je nesvakida\u0161nju dubinu i teksturu. Rezultat je slojevito i mineralno vino koje nudi autenti\u010dan do\u017eivljaj fru\u0161kogorskog teroara.<\/div>","protected":false},"excerpt":{"rendered":"<p>Vino La Rem Morava, oblikovana kroz devet meseci odle\u017eavanja u amfori, predstavlja inovativan pristup tradicionalnoj proizvodnji. Mirisom dominiraju arome rasko\u0161ne breskve i citrusa, odle\u017eavanje 9 meseci u anfori dalo joj je nesvakida\u0161nju dubinu i teksturu. Rezultat je slojevito i mineralno vino koje nudi autenti\u010dan do\u017eivljaj fru\u0161kogorskog teroara.<\/p>","protected":false},"featured_media":3843,"comment_status":"open","ping_status":"closed","template":"","meta":{"_acf_changed":false,"content-type":"","site-sidebar-layout":"default","site-content-layout":"","ast-site-content-layout":"default","site-content-style":"default","site-sidebar-style":"default","ast-global-header-display":"","ast-banner-title-visibility":"","ast-main-header-display":"","ast-hfb-above-header-display":"","ast-hfb-below-header-display":"","ast-hfb-mobile-header-display":"","site-post-title":"","ast-breadcrumbs-content":"","ast-featured-img":"","footer-sml-layout":"","ast-disable-related-posts":"","theme-transparent-header-meta":"default","adv-header-id-meta":"","stick-header-meta":"","header-above-stick-meta":"","header-main-stick-meta":"","header-below-stick-meta":"","astra-migrate-meta-layouts":"set","ast-page-background-enabled":"default","ast-page-background-meta":{"desktop":{"background-color":"","background-image":"","background-repeat":"repeat","background-position":"center center","background-size":"auto","background-attachment":"scroll","background-type":"","background-media":"","overlay-type":"","overlay-color":"","overlay-opacity":"","overlay-gradient":""},"tablet":{"background-color":"","background-image":"","background-repeat":"repeat","background-position":"center center","background-size":"auto","background-attachment":"scroll","background-type":"","background-media":"","overlay-type":"","overlay-color":"","overlay-opacity":"","overlay-gradient":""},"mobile":{"background-color":"","background-image":"","background-repeat":"repeat","background-position":"center center","background-size":"auto","background-attachment":"scroll","background-type":"","background-media":"","overlay-type":"","overlay-color":"","overlay-opacity":"","overlay-gradient":""}},"ast-content-background-meta":{"desktop":{"background-color":"var(--ast-global-color-5)","background-image":"","background-repeat":"repeat","background-position":"center center","background-size":"auto","background-attachment":"scroll","background-type":"","background-media":"","overlay-type":"","overlay-color":"","overlay-opacity":"","overlay-gradient":""},"tablet":{"background-color":"var(--ast-global-color-5)","background-image":"","background-repeat":"repeat","background-position":"center center","background-size":"auto","background-attachment":"scroll","background-type":"","background-media":"","overlay-type":"","overlay-color":"","overlay-opacity":"","overlay-gradient":""},"mobile":{"background-color":"var(--ast-global-color-5)","background-image":"","background-repeat":"repeat","background-position":"center center","background-size":"auto","background-attachment":"scroll","background-type":"","background-media":"","overlay-type":"","overlay-color":"","overlay-opacity":"","overlay-gradient":""}}},"product_brand":[],"product_cat":[17],"product_tag":[],"class_list":{"0":"post-3842","1":"product","2":"type-product","3":"status-publish","4":"has-post-thumbnail","6":"product_cat-uncategorized","7":"desktop-align-left","8":"tablet-align-left","9":"mobile-align-left","11":"first","12":"instock","13":"taxable","14":"shipping-taxable","15":"purchasable","16":"product-type-simple"},"acf":[],"_links":{"self":[{"href":"https:\/\/shop.vinarijadeuric.com\/en\/wp-json\/wp\/v2\/product\/3842","targetHints":{"allow":["GET"]}}],"collection":[{"href":"https:\/\/shop.vinarijadeuric.com\/en\/wp-json\/wp\/v2\/product"}],"about":[{"href":"https:\/\/shop.vinarijadeuric.com\/en\/wp-json\/wp\/v2\/types\/product"}],"replies":[{"embeddable":true,"href":"https:\/\/shop.vinarijadeuric.com\/en\/wp-json\/wp\/v2\/comments?post=3842"}],"wp:featuredmedia":[{"embeddable":true,"href":"https:\/\/shop.vinarijadeuric.com\/en\/wp-json\/wp\/v2\/media\/3843"}],"wp:attachment":[{"href":"https:\/\/shop.vinarijadeuric.com\/en\/wp-json\/wp\/v2\/media?parent=3842"}],"wp:term":[{"taxonomy":"product_brand","embeddable":true,"href":"https:\/\/shop.vinarijadeuric.com\/en\/wp-json\/wp\/v2\/product_brand?post=3842"},{"taxonomy":"product_cat","embeddable":true,"href":"https:\/\/shop.vinarijadeuric.com\/en\/wp-json\/wp\/v2\/product_cat?post=3842"},{"taxonomy":"product_tag","embeddable":true,"href":"https:\/\/shop.vinarijadeuric.com\/en\/wp-json\/wp\/v2\/product_tag?post=3842"}],"curies":[{"name":"wp","href":"https:\/\/api.w.org\/{rel}","templated":true}]}}