{"id":3844,"date":"2026-03-13T10:08:27","date_gmt":"2026-03-13T09:08:27","guid":{"rendered":"https:\/\/shop.vinarijadeuric.com\/?post_type=product&#038;p=3844"},"modified":"2026-03-13T10:12:57","modified_gmt":"2026-03-13T09:12:57","slug":"la-rem-pinot-noir-2020-145-vol","status":"publish","type":"product","link":"https:\/\/shop.vinarijadeuric.com\/en\/proizvod\/la-rem-pinot-noir-2020-145-vol\/","title":{"rendered":"La Rem Pinot Noir 2020 &#8211; 14,5 % vol"},"content":{"rendered":"<div id=\"m_3197693946751648238m_8452542513465698553x_Signature\">Vino La Rem Pinot Noir fermentisalo je u otvorenom fransuckom hrastu, nakon \u010dega je odle\u017eavalo 12 meseci u baricima, \u0161to mu daje kompleksnost I dubinu. Na mirisu dominiraju arome crvenog vo\u0107a uz suptilne drvene tonove I blage zemjanosti.\u00a0 Na nepcu, vino je istovremeno sna\u017eno i elegantno, sa svilenkastim,\u00a0finim taninima\u00a0i besprekorno uravnote\u017eenim kiselinama koje vode ka dugoj\u00a0 zavr\u0161nici.<\/div>","protected":false},"excerpt":{"rendered":"<p>Vino La Rem Pinot Noir fermentisalo je u otvorenom fransuckom hrastu, nakon \u010dega je odle\u017eavalo 12 meseci u baricima, \u0161to mu daje kompleksnost I dubinu. Na mirisu dominiraju arome crvenog vo\u0107a uz suptilne drvene tonove I blage zemjanosti.\u00a0 Na nepcu, vino je istovremeno sna\u017eno i elegantno, sa svilenkastim,\u00a0finim taninima\u00a0i besprekorno uravnote\u017eenim kiselinama koje vode ka [&hellip;]<\/p>\n","protected":false},"featured_media":3845,"comment_status":"open","ping_status":"closed","template":"","meta":{"_acf_changed":false,"content-type":"","site-sidebar-layout":"default","site-content-layout":"","ast-site-content-layout":"default","site-content-style":"default","site-sidebar-style":"default","ast-global-header-display":"","ast-banner-title-visibility":"","ast-main-header-display":"","ast-hfb-above-header-display":"","ast-hfb-below-header-display":"","ast-hfb-mobile-header-display":"","site-post-title":"","ast-breadcrumbs-content":"","ast-featured-img":"","footer-sml-layout":"","ast-disable-related-posts":"","theme-transparent-header-meta":"default","adv-header-id-meta":"","stick-header-meta":"","header-above-stick-meta":"","header-main-stick-meta":"","header-below-stick-meta":"","astra-migrate-meta-layouts":"set","ast-page-background-enabled":"default","ast-page-background-meta":{"desktop":{"background-color":"","background-image":"","background-repeat":"repeat","background-position":"center center","background-size":"auto","background-attachment":"scroll","background-type":"","background-media":"","overlay-type":"","overlay-color":"","overlay-opacity":"","overlay-gradient":""},"tablet":{"background-color":"","background-image":"","background-repeat":"repeat","background-position":"center center","background-size":"auto","background-attachment":"scroll","background-type":"","background-media":"","overlay-type":"","overlay-color":"","overlay-opacity":"","overlay-gradient":""},"mobile":{"background-color":"","background-image":"","background-repeat":"repeat","background-position":"center center","background-size":"auto","background-attachment":"scroll","background-type":"","background-media":"","overlay-type":"","overlay-color":"","overlay-opacity":"","overlay-gradient":""}},"ast-content-background-meta":{"desktop":{"background-color":"var(--ast-global-color-5)","background-image":"","background-repeat":"repeat","background-position":"center center","background-size":"auto","background-attachment":"scroll","background-type":"","background-media":"","overlay-type":"","overlay-color":"","overlay-opacity":"","overlay-gradient":""},"tablet":{"background-color":"var(--ast-global-color-5)","background-image":"","background-repeat":"repeat","background-position":"center center","background-size":"auto","background-attachment":"scroll","background-type":"","background-media":"","overlay-type":"","overlay-color":"","overlay-opacity":"","overlay-gradient":""},"mobile":{"background-color":"var(--ast-global-color-5)","background-image":"","background-repeat":"repeat","background-position":"center center","background-size":"auto","background-attachment":"scroll","background-type":"","background-media":"","overlay-type":"","overlay-color":"","overlay-opacity":"","overlay-gradient":""}}},"product_brand":[],"product_cat":[17],"product_tag":[],"class_list":{"0":"post-3844","1":"product","2":"type-product","3":"status-publish","4":"has-post-thumbnail","6":"product_cat-uncategorized","7":"desktop-align-left","8":"tablet-align-left","9":"mobile-align-left","11":"first","12":"instock","13":"taxable","14":"shipping-taxable","15":"purchasable","16":"product-type-simple"},"acf":[],"_links":{"self":[{"href":"https:\/\/shop.vinarijadeuric.com\/en\/wp-json\/wp\/v2\/product\/3844","targetHints":{"allow":["GET"]}}],"collection":[{"href":"https:\/\/shop.vinarijadeuric.com\/en\/wp-json\/wp\/v2\/product"}],"about":[{"href":"https:\/\/shop.vinarijadeuric.com\/en\/wp-json\/wp\/v2\/types\/product"}],"replies":[{"embeddable":true,"href":"https:\/\/shop.vinarijadeuric.com\/en\/wp-json\/wp\/v2\/comments?post=3844"}],"wp:featuredmedia":[{"embeddable":true,"href":"https:\/\/shop.vinarijadeuric.com\/en\/wp-json\/wp\/v2\/media\/3845"}],"wp:attachment":[{"href":"https:\/\/shop.vinarijadeuric.com\/en\/wp-json\/wp\/v2\/media?parent=3844"}],"wp:term":[{"taxonomy":"product_brand","embeddable":true,"href":"https:\/\/shop.vinarijadeuric.com\/en\/wp-json\/wp\/v2\/product_brand?post=3844"},{"taxonomy":"product_cat","embeddable":true,"href":"https:\/\/shop.vinarijadeuric.com\/en\/wp-json\/wp\/v2\/product_cat?post=3844"},{"taxonomy":"product_tag","embeddable":true,"href":"https:\/\/shop.vinarijadeuric.com\/en\/wp-json\/wp\/v2\/product_tag?post=3844"}],"curies":[{"name":"wp","href":"https:\/\/api.w.org\/{rel}","templated":true}]}}